{"id":4058,"date":"2020-11-03T16:27:29","date_gmt":"2020-11-03T16:27:29","guid":{"rendered":"https:\/\/www.turizaminfo.hr\/?page_id=4058"},"modified":"2024-02-14T13:45:51","modified_gmt":"2024-02-14T13:45:51","slug":"turizam-info-email-newsletter","status":"publish","type":"page","link":"https:\/\/www.turizaminfo.hr\/old\/turizam-info-email-newsletter\/","title":{"rendered":"Prijavi se na newsletter i primaj najnovije vijesti iz turizma!"},"content":{"rendered":"\n<p>Tjedni newsletter za hotelijere, ugostitelje i profesionalce u turizmu priprema uredni\u0161tvo \u010dasopisa Turizam info kako biste bili u toku s najnovijim doga\u0111anjima. Primajte aktualne vijesti iz turizma, trendove i informacije o najnovijoj opremi direktno u Va\u0161 inbox.<\/p>\n\n\n\n<!-- START - We recommend to place the below code where you want the form in your website html  -->\n<div class=\"sib-form\" style=\"text-align: center;\n         background-color: #EFF2F7;                                 \">\n  <div id=\"sib-form-container\" class=\"sib-form-container\">\n    <div id=\"error-message\" class=\"sib-form-message-panel\" style=\"font-size:16px; text-align:left; font-family:&quot;Helvetica&quot;, sans-serif; color:#661d1d; background-color:#ffeded; border-radius:3px; border-color:#ff4949;max-width:540px;\">\n      <div class=\"sib-form-message-panel__text sib-form-message-panel__text--center\">\n        <svg viewBox=\"0 0 512 512\" class=\"sib-icon sib-notification__icon\">\n          <path d=\"M256 40c118.621 0 216 96.075 216 216 0 119.291-96.61 216-216 216-119.244 0-216-96.562-216-216 0-119.203 96.602-216 216-216m0-32C119.043 8 8 119.083 8 256c0 136.997 111.043 248 248 248s248-111.003 248-248C504 119.083 392.957 8 256 8zm-11.49 120h22.979c6.823 0 12.274 5.682 11.99 12.5l-7 168c-.268 6.428-5.556 11.5-11.99 11.5h-8.979c-6.433 0-11.722-5.073-11.99-11.5l-7-168c-.283-6.818 5.167-12.5 11.99-12.5zM256 340c-15.464 0-28 12.536-28 28s12.536 28 28 28 28-12.536 28-28-12.536-28-28-28z\"><\/path>\n        <\/svg>\n        <span class=\"sib-form-message-panel__inner-text\">\n                          Gre\u0161ka. Molimo poku\u0161ajte ponovno.\n                      <\/span>\n      <\/div>\n    <\/div>\n    <div><\/div>\n    <div id=\"success-message\" class=\"sib-form-message-panel\" style=\"font-size:16px; text-align:left; font-family:&quot;Helvetica&quot;, sans-serif; color:#085229; background-color:#e7faf0; border-radius:3px; border-color:#13ce66;max-width:540px;\">\n      <div class=\"sib-form-message-panel__text sib-form-message-panel__text--center\">\n        <svg viewBox=\"0 0 512 512\" class=\"sib-icon sib-notification__icon\">\n          <path d=\"M256 8C119.033 8 8 119.033 8 256s111.033 248 248 248 248-111.033 248-248S392.967 8 256 8zm0 464c-118.664 0-216-96.055-216-216 0-118.663 96.055-216 216-216 118.664 0 216 96.055 216 216 0 118.663-96.055 216-216 216zm141.63-274.961L217.15 376.071c-4.705 4.667-12.303 4.637-16.97-.068l-85.878-86.572c-4.667-4.705-4.637-12.303.068-16.97l8.52-8.451c4.705-4.667 12.303-4.637 16.97.068l68.976 69.533 163.441-162.13c4.705-4.667 12.303-4.637 16.97.068l8.451 8.52c4.668 4.705 4.637 12.303-.068 16.97z\"><\/path>\n        <\/svg>\n        <span class=\"sib-form-message-panel__inner-text\">\n                          Uspje\u0161no ste se pretplatili na Turizam info newsletter.\n                      <\/span>\n      <\/div>\n    <\/div>\n    <div><\/div>\n    <div id=\"sib-container\" class=\"sib-container--large sib-container--vertical\" style=\"text-align:center; background-color:rgba(255,255,255,1); max-width:540px; border-radius:3px; border-width:1px; border-color:#C0CCD9; border-style:solid;\">\n      <form id=\"sib-form\" method=\"POST\" action=\"https:\/\/ed30be32.sibforms.com\/serve\/MUIEAENjC931NJZotKiCwacZb1AK3tY38wFWSTucvlc_hXWhfzqeMgzh_B5KfAVo684SdG0gYiJNYYiqxv6C_3HbOYTA1ys0a_9IJwFOTXUJD-VTyE1BIF8aZJswRRlk_xwu9xJH1Xyq15j0ZnyPLG8q0Hu55beWnfME0zGJUg28h7hKp8S8HzE2Cexr_Q2cxMVfg0EdLcLuyp65\" data-type=\"subscription\">\n        <div style=\"padding: 8px 0;\">\n          <div class=\"sib-input sib-form-block\">\n            <div class=\"form__entry entry_block\">\n              <div class=\"form__label-row \">\n\n                <div class=\"entry__field\">\n                  <input class=\"input\" type=\"text\" id=\"EMAIL\" name=\"EMAIL\" autocomplete=\"off\" placeholder=\"E-mail\" data-required=\"true\" required=\"\">\n                <\/div>\n              <\/div>\n\n              <label class=\"entry__error entry__error--primary\" style=\"font-size:16px; text-align:left; font-family:&quot;Helvetica&quot;, sans-serif; color:#661d1d; background-color:#ffeded; border-radius:3px; border-color:#ff4949;\">\n              <\/label>\n            <\/div>\n          <\/div>\n        <\/div>\n        <div style=\"padding: 8px 0;\">\n          <div class=\"sib-input sib-form-block\">\n            <div class=\"form__entry entry_block\">\n              <div class=\"form__label-row \">\n\n                <div class=\"entry__field\">\n                  <input class=\"input\" maxlength=\"200\" type=\"text\" id=\"FIRSTNAME\" name=\"FIRSTNAME\" autocomplete=\"off\" placeholder=\"Ime\" data-required=\"true\" required=\"\">\n                <\/div>\n              <\/div>\n\n              <label class=\"entry__error entry__error--primary\" style=\"font-size:16px; text-align:left; font-family:&quot;Helvetica&quot;, sans-serif; color:#661d1d; background-color:#ffeded; border-radius:3px; border-color:#ff4949;\">\n              <\/label>\n            <\/div>\n          <\/div>\n        <\/div>\n        <div style=\"padding: 8px 0;\">\n          <div class=\"sib-input sib-form-block\">\n            <div class=\"form__entry entry_block\">\n              <div class=\"form__label-row \">\n\n                <div class=\"entry__field\">\n                  <input class=\"input\" maxlength=\"200\" type=\"text\" id=\"LASTNAME\" name=\"LASTNAME\" autocomplete=\"off\" placeholder=\"Prezime\" data-required=\"true\" required=\"\">\n                <\/div>\n              <\/div>\n\n              <label class=\"entry__error entry__error--primary\" style=\"font-size:16px; text-align:left; font-family:&quot;Helvetica&quot;, sans-serif; color:#661d1d; background-color:#ffeded; border-radius:3px; border-color:#ff4949;\">\n              <\/label>\n            <\/div>\n          <\/div>\n        <\/div>\n        <div style=\"padding: 8px 0;\">\n          <div class=\"sib-input sib-form-block\">\n            <div class=\"form__entry entry_block\">\n              <div class=\"form__label-row \">\n\n                <div class=\"entry__field\">\n                  <input class=\"input\" maxlength=\"200\" type=\"text\" id=\"TVRTKA\" name=\"TVRTKA\" autocomplete=\"off\" placeholder=\"Tvrtka\">\n                <\/div>\n              <\/div>\n\n              <label class=\"entry__error entry__error--primary\" style=\"font-size:16px; text-align:left; font-family:&quot;Helvetica&quot;, sans-serif; color:#661d1d; background-color:#ffeded; border-radius:3px; border-color:#ff4949;\">\n              <\/label>\n            <\/div>\n          <\/div>\n        <\/div>\n        <div style=\"padding: 8px 0;\">\n          <div class=\"sib-select sib-form-block\">\n            <div class=\"form__entry entry_block\">\n              <div class=\"form__label-row \">\n                <label class=\"entry__label\" style=\"font-size:16px; text-align:left; font-weight:700; font-family:&quot;Helvetica&quot;, sans-serif; color:#3c4858;\" for=\"DJELATNOST_2020\">\n                  Djelatnost\n                <\/label>\n                <div class=\"entry__field\">\n                  <select class=\"input\" id=\"DJELATNOST_2020\" name=\"DJELATNOST_2020\">\n                    <option value=\"\" disabled=\"\" selected=\"\" hidden=\"\">Select one<\/option>\n\n                    <option class=\"sib-menu__item\" value=\"1\">\n                      Hotelijer\n                    <\/option>\n                    <option class=\"sib-menu__item\" value=\"2\">\n                      Restorater \/ ugostitelj\n                    <\/option>\n                    <option class=\"sib-menu__item\" value=\"3\">\n                      Obiteljski smje\u0161taj\n                    <\/option>\n                    <option class=\"sib-menu__item\" value=\"4\">\n                      Turisti\u010dka agencija\n                    <\/option>\n                    <option class=\"sib-menu__item\" value=\"5\">\n                      Turisti\u010dka zajednica\n                    <\/option>\n                    <option class=\"sib-menu__item\" value=\"6\">\n                      Arhitekti \/ projektanti\n                    <\/option>\n                    <option class=\"sib-menu__item\" value=\"7\">\n                      Ostalo\n                    <\/option>\n                  <\/select>\n                <\/div>\n              <\/div>\n              <label class=\"entry__error entry__error--primary\" style=\"font-size:16px; text-align:left; font-family:&quot;Helvetica&quot;, sans-serif; color:#661d1d; background-color:#ffeded; border-radius:3px; border-color:#ff4949;\">\n              <\/label>\n            <\/div>\n          <\/div>\n        <\/div>\n        <div style=\"padding: 8px 0;\">\n          <div class=\"sib-optin sib-form-block\" data-required=\"true\">\n            <div class=\"form__entry entry_mcq\">\n              <div class=\"form__label-row \">\n                <div class=\"entry__choice\">\n                  <label>\n                    <input type=\"checkbox\" class=\"input_replaced\" value=\"1\" id=\"OPT_IN\" name=\"OPT_IN\" required=\"\">\n                    <span class=\"checkbox checkbox_tick_positive\"><\/span><span style=\"font-size:14px; text-align:left; font-family:&quot;Helvetica&quot;, sans-serif; color:#3C4858; background-color:transparent;\"><p>Molim da mi putem tjednog email newslettera \u0161aljete informacije&nbsp;vezane za hotelijerstvo, ugostiteljstvo i turizam<\/p><span data-required=\"*\" style=\"display: inline;\" class=\"entry__label entry__label_optin\"><\/span><\/span>\n                  <\/label>\n                <\/div>\n              <\/div>\n              <label class=\"entry__error entry__error--primary\" style=\"font-size:16px; text-align:left; font-family:&quot;Helvetica&quot;, sans-serif; color:#661d1d; background-color:#ffeded; border-radius:3px; border-color:#ff4949;\">\n              <\/label>\n            <\/div>\n          <\/div>\n        <\/div>\n        <div style=\"padding: 8px 0;\">\n          <div class=\"sib-optin sib-form-block\">\n            <div class=\"form__entry entry_mcq\">\n              <div class=\"form__label-row \">\n                <div class=\"entry__choice\">\n                  <label>\n                    <input type=\"checkbox\" class=\"input_replaced\" value=\"1\" id=\"EMAIL_DOBAVLJA\" name=\"EMAIL_DOBAVLJA\">\n                    <span class=\"checkbox checkbox_tick_positive\"><\/span><span style=\"font-size:14px; text-align:left; font-family:&quot;Helvetica&quot;, sans-serif; color:#3C4858; background-color:transparent;\"><p>Molim da mi putem e-maila javljate informacije o promocijama i posebnim ponudama pa\u017eljivo odabranih dobavlja\u010da za sektor turizma. Va\u0161e osobne podatke ne\u0107emo dijeliti s navedenim dobavlja\u010dima &#8211; ukoliko \u017eelite prestati primati e-mailove ovakvog sadr\u017eaja, mo\u017eete se slobodno odjaviti u svakom trenutku.<\/p><\/span>                    <\/label>\n                <\/div>\n              <\/div>\n              <label class=\"entry__error entry__error--primary\" style=\"font-size:16px; text-align:left; font-family:&quot;Helvetica&quot;, sans-serif; color:#661d1d; background-color:#ffeded; border-radius:3px; border-color:#ff4949;\">\n              <\/label>\n            <\/div>\n          <\/div>\n        <\/div>\n        <div style=\"padding: 8px 0;\">\n          <div class=\"sib-captcha sib-form-block\">\n            <div class=\"form__entry entry_block\">\n              <div class=\"form__label-row \">\n                <script>\n                  function handleCaptchaResponse() {\n                    var event = new Event('captchaChange');\n                    document.getElementById('sib-captcha').dispatchEvent(event);\n                  }\n                <\/script>\n                <div class=\"g-recaptcha sib-visible-recaptcha\" id=\"sib-captcha\" data-sitekey=\"6LdOkd4ZAAAAABYyfvmvkcwG0EciV0a_A_7fJxuQ\" data-callback=\"handleCaptchaResponse\"><\/div>\n              <\/div>\n              <label class=\"entry__error entry__error--primary\" style=\"font-size:16px; text-align:left; font-family:&quot;Helvetica&quot;, sans-serif; color:#661d1d; background-color:#ffeded; border-radius:3px; border-color:#ff4949;\">\n              <\/label>\n            <\/div>\n          <\/div>\n        <\/div>\n        <div style=\"padding: 8px 0;\">\n          <div class=\"sib-form-block\" style=\"text-align: left\">\n            <button class=\"sib-form-block__button sib-form-block__button-with-loader\" style=\"font-size:16px; text-align:left; font-weight:700; font-family:&quot;Helvetica&quot;, sans-serif; color:#FFFFFF; background-color:#3E4857; border-radius:3px; border-width:0px;\" form=\"sib-form\" type=\"submit\">\n              <svg class=\"icon clickable__icon progress-indicator__icon sib-hide-loader-icon\" viewBox=\"0 0 512 512\">\n                <path d=\"M460.116 373.846l-20.823-12.022c-5.541-3.199-7.54-10.159-4.663-15.874 30.137-59.886 28.343-131.652-5.386-189.946-33.641-58.394-94.896-95.833-161.827-99.676C261.028 55.961 256 50.751 256 44.352V20.309c0-6.904 5.808-12.337 12.703-11.982 83.556 4.306 160.163 50.864 202.11 123.677 42.063 72.696 44.079 162.316 6.031 236.832-3.14 6.148-10.75 8.461-16.728 5.01z\"><\/path>\n              <\/svg>\n              Prijavi se\n            <\/button>\n          <\/div>\n        <\/div>\n        <div style=\"padding: 8px 0;\">\n          <div class=\"sib-form-block\" style=\"font-size:12px; text-align:left; font-family:&quot;Helvetica&quot;, sans-serif; color:#3c4757; background-color:transparent;\">\n            <div class=\"sib-text-form-block\">\n              <p>Ova stranica je za\u0161ti\u0107ena sa reCAPTCHA-om, a klikom na \u201cPrijavi se\u201dpotvr\u0111ujete svoju suglasnost s&nbsp;\n                <a href=\"https:\/\/www.turizaminfo.hr\/turizaminfo2020\/izjava-o-povjerljivosti\/\" target=\"_blank\" rel=\"noopener noreferrer\">Izjavom o povjerljivosti<\/a> i\n                <a href=\"https:\/\/www.turizaminfo.hr\/turizaminfo2020\/uvjeti-koristenja\/\" target=\"_blank\" rel=\"noopener noreferrer\">Uvjetima kori\u0161tenja<\/a>.<\/p>\n            <\/div>\n          <\/div>\n        <\/div>\n\n        <input type=\"text\" name=\"email_address_check\" value=\"\" class=\"input--hidden\">\n        <input type=\"hidden\" name=\"locale\" value=\"en\">\n      <\/form>\n    <\/div>\n  <\/div>\n<\/div>\n<!-- END - We recommend to place the below code where you want the form in your website html  -->\n\n\n\n<p><\/p>\n\n\n\n<a class=\"maxbutton-14 maxbutton maxbutton-povratak-na-po-etnu-stranicu\" target=\"_blank\" rel=\"noopener\" href=\"https:\/\/www.turizaminfo.hr\/turizaminfo2020\/\"><span class='mb-text'>POVRATAK<\/span><\/a><br><\/p>\n","protected":false},"excerpt":{"rendered":"<p>Tjedni newsletter za hotelijere, ugostitelje i profesionalce u turizmu priprema uredni\u0161tvo \u010dasopisa Turizam info kako biste bili u toku s najnovijim doga\u0111anjima. Primajte aktualne vijesti iz turizma, trendove i informacije o najnovijoj opremi direktno u Va\u0161 inbox. Gre\u0161ka. Molimo poku\u0161ajte ponovno. Uspje\u0161no ste se pretplatili na Turizam info newsletter. Djelatnost Select one Hotelijer Restorater \/ [&hellip;]<\/p>\n","protected":false},"author":1,"featured_media":12086,"parent":0,"menu_order":0,"comment_status":"closed","ping_status":"closed","template":"","meta":{"_mo_disable_npp":"","footnotes":""},"class_list":["post-4058","page","type-page","status-publish","has-post-thumbnail","hentry"],"yoast_head":"<!-- This site is optimized with the Yoast SEO plugin v24.3 - https:\/\/yoast.com\/wordpress\/plugins\/seo\/ -->\n<title>Prijavi se na newsletter i primaj najnovije vijesti iz turizma! - Turizam info<\/title>\n<meta name=\"robots\" content=\"index, follow, max-snippet:-1, max-image-preview:large, max-video-preview:-1\" \/>\n<link rel=\"canonical\" href=\"https:\/\/www.turizaminfo.hr\/old\/turizam-info-email-newsletter\/\" \/>\n<meta property=\"og:locale\" content=\"en_US\" \/>\n<meta property=\"og:type\" content=\"article\" \/>\n<meta property=\"og:title\" content=\"Prijavi se na newsletter i primaj najnovije vijesti iz turizma! - Turizam info\" \/>\n<meta property=\"og:description\" content=\"Tjedni newsletter za hotelijere, ugostitelje i profesionalce u turizmu priprema uredni\u0161tvo \u010dasopisa Turizam info kako biste bili u toku s najnovijim doga\u0111anjima. Primajte aktualne vijesti iz turizma, trendove i informacije o najnovijoj opremi direktno u Va\u0161 inbox. Gre\u0161ka. Molimo poku\u0161ajte ponovno. Uspje\u0161no ste se pretplatili na Turizam info newsletter. Djelatnost Select one Hotelijer Restorater \/ [&hellip;]\" \/>\n<meta property=\"og:url\" content=\"https:\/\/www.turizaminfo.hr\/old\/turizam-info-email-newsletter\/\" \/>\n<meta property=\"og:site_name\" content=\"Turizam info\" \/>\n<meta property=\"article:publisher\" content=\"https:\/\/www.facebook.com\/Turizam-Info-%c4%8dasopis-283509332122\" \/>\n<meta property=\"article:modified_time\" content=\"2024-02-14T13:45:51+00:00\" \/>\n<meta property=\"og:image\" content=\"https:\/\/www.turizaminfo.hr\/old\/wp-content\/uploads\/2024\/02\/TI-NASLOVNICA-EMAIL-NEWSLETTER.png\" \/>\n\t<meta property=\"og:image:width\" content=\"2931\" \/>\n\t<meta property=\"og:image:height\" content=\"1370\" \/>\n\t<meta property=\"og:image:type\" content=\"image\/png\" \/>\n<meta name=\"twitter:card\" content=\"summary_large_image\" \/>\n<meta name=\"twitter:label1\" content=\"Est. reading time\" \/>\n\t<meta name=\"twitter:data1\" content=\"1 minute\" \/>\n<script type=\"application\/ld+json\" class=\"yoast-schema-graph\">{\"@context\":\"https:\/\/schema.org\",\"@graph\":[{\"@type\":\"WebPage\",\"@id\":\"https:\/\/www.turizaminfo.hr\/old\/turizam-info-email-newsletter\/\",\"url\":\"https:\/\/www.turizaminfo.hr\/old\/turizam-info-email-newsletter\/\",\"name\":\"Prijavi se na newsletter i primaj najnovije vijesti iz turizma! - Turizam info\",\"isPartOf\":{\"@id\":\"https:\/\/www.turizaminfo.hr\/old\/#website\"},\"primaryImageOfPage\":{\"@id\":\"https:\/\/www.turizaminfo.hr\/old\/turizam-info-email-newsletter\/#primaryimage\"},\"image\":{\"@id\":\"https:\/\/www.turizaminfo.hr\/old\/turizam-info-email-newsletter\/#primaryimage\"},\"thumbnailUrl\":\"https:\/\/www.turizaminfo.hr\/old\/wp-content\/uploads\/2024\/02\/TI-NASLOVNICA-EMAIL-NEWSLETTER.png\",\"datePublished\":\"2020-11-03T16:27:29+00:00\",\"dateModified\":\"2024-02-14T13:45:51+00:00\",\"breadcrumb\":{\"@id\":\"https:\/\/www.turizaminfo.hr\/old\/turizam-info-email-newsletter\/#breadcrumb\"},\"inLanguage\":\"en-US\",\"potentialAction\":[{\"@type\":\"ReadAction\",\"target\":[\"https:\/\/www.turizaminfo.hr\/old\/turizam-info-email-newsletter\/\"]}]},{\"@type\":\"ImageObject\",\"inLanguage\":\"en-US\",\"@id\":\"https:\/\/www.turizaminfo.hr\/old\/turizam-info-email-newsletter\/#primaryimage\",\"url\":\"https:\/\/www.turizaminfo.hr\/old\/wp-content\/uploads\/2024\/02\/TI-NASLOVNICA-EMAIL-NEWSLETTER.png\",\"contentUrl\":\"https:\/\/www.turizaminfo.hr\/old\/wp-content\/uploads\/2024\/02\/TI-NASLOVNICA-EMAIL-NEWSLETTER.png\",\"width\":2931,\"height\":1370},{\"@type\":\"BreadcrumbList\",\"@id\":\"https:\/\/www.turizaminfo.hr\/old\/turizam-info-email-newsletter\/#breadcrumb\",\"itemListElement\":[{\"@type\":\"ListItem\",\"position\":1,\"name\":\"Home\",\"item\":\"https:\/\/www.turizaminfo.hr\/old\/\"},{\"@type\":\"ListItem\",\"position\":2,\"name\":\"Prijavi se na newsletter i primaj najnovije vijesti iz turizma!\"}]},{\"@type\":\"WebSite\",\"@id\":\"https:\/\/www.turizaminfo.hr\/old\/#website\",\"url\":\"https:\/\/www.turizaminfo.hr\/old\/\",\"name\":\"Turizam info\",\"description\":\"Turizam info\",\"publisher\":{\"@id\":\"https:\/\/www.turizaminfo.hr\/old\/#organization\"},\"potentialAction\":[{\"@type\":\"SearchAction\",\"target\":{\"@type\":\"EntryPoint\",\"urlTemplate\":\"https:\/\/www.turizaminfo.hr\/old\/?s={search_term_string}\"},\"query-input\":{\"@type\":\"PropertyValueSpecification\",\"valueRequired\":true,\"valueName\":\"search_term_string\"}}],\"inLanguage\":\"en-US\"},{\"@type\":\"Organization\",\"@id\":\"https:\/\/www.turizaminfo.hr\/old\/#organization\",\"name\":\"Turizam Info \u010dasopis\",\"url\":\"https:\/\/www.turizaminfo.hr\/old\/\",\"logo\":{\"@type\":\"ImageObject\",\"inLanguage\":\"en-US\",\"@id\":\"https:\/\/www.turizaminfo.hr\/old\/#\/schema\/logo\/image\/\",\"url\":\"https:\/\/www.turizaminfo.hr\/turizaminfo2020\/turizaminfo2020\/wp-content\/uploads\/2021\/04\/Turizam-Info-logo-2020.jpg\",\"contentUrl\":\"https:\/\/www.turizaminfo.hr\/turizaminfo2020\/turizaminfo2020\/wp-content\/uploads\/2021\/04\/Turizam-Info-logo-2020.jpg\",\"width\":1880,\"height\":1880,\"caption\":\"Turizam Info \u010dasopis\"},\"image\":{\"@id\":\"https:\/\/www.turizaminfo.hr\/old\/#\/schema\/logo\/image\/\"},\"sameAs\":[\"https:\/\/www.facebook.com\/Turizam-Info-\u010dasopis-283509332122\",\"https:\/\/www.instagram.com\/turizaminfo_casopis\/\",\"https:\/\/www.linkedin.com\/company\/turizam-info\"]}]}<\/script>\n<!-- \/ Yoast SEO plugin. -->","yoast_head_json":{"title":"Prijavi se na newsletter i primaj najnovije vijesti iz turizma! - Turizam info","robots":{"index":"index","follow":"follow","max-snippet":"max-snippet:-1","max-image-preview":"max-image-preview:large","max-video-preview":"max-video-preview:-1"},"canonical":"https:\/\/www.turizaminfo.hr\/old\/turizam-info-email-newsletter\/","og_locale":"en_US","og_type":"article","og_title":"Prijavi se na newsletter i primaj najnovije vijesti iz turizma! - Turizam info","og_description":"Tjedni newsletter za hotelijere, ugostitelje i profesionalce u turizmu priprema uredni\u0161tvo \u010dasopisa Turizam info kako biste bili u toku s najnovijim doga\u0111anjima. Primajte aktualne vijesti iz turizma, trendove i informacije o najnovijoj opremi direktno u Va\u0161 inbox. Gre\u0161ka. Molimo poku\u0161ajte ponovno. Uspje\u0161no ste se pretplatili na Turizam info newsletter. Djelatnost Select one Hotelijer Restorater \/ [&hellip;]","og_url":"https:\/\/www.turizaminfo.hr\/old\/turizam-info-email-newsletter\/","og_site_name":"Turizam info","article_publisher":"https:\/\/www.facebook.com\/Turizam-Info-%c4%8dasopis-283509332122","article_modified_time":"2024-02-14T13:45:51+00:00","og_image":[{"width":2931,"height":1370,"url":"https:\/\/www.turizaminfo.hr\/old\/wp-content\/uploads\/2024\/02\/TI-NASLOVNICA-EMAIL-NEWSLETTER.png","type":"image\/png"}],"twitter_card":"summary_large_image","twitter_misc":{"Est. reading time":"1 minute"},"schema":{"@context":"https:\/\/schema.org","@graph":[{"@type":"WebPage","@id":"https:\/\/www.turizaminfo.hr\/old\/turizam-info-email-newsletter\/","url":"https:\/\/www.turizaminfo.hr\/old\/turizam-info-email-newsletter\/","name":"Prijavi se na newsletter i primaj najnovije vijesti iz turizma! - Turizam info","isPartOf":{"@id":"https:\/\/www.turizaminfo.hr\/old\/#website"},"primaryImageOfPage":{"@id":"https:\/\/www.turizaminfo.hr\/old\/turizam-info-email-newsletter\/#primaryimage"},"image":{"@id":"https:\/\/www.turizaminfo.hr\/old\/turizam-info-email-newsletter\/#primaryimage"},"thumbnailUrl":"https:\/\/www.turizaminfo.hr\/old\/wp-content\/uploads\/2024\/02\/TI-NASLOVNICA-EMAIL-NEWSLETTER.png","datePublished":"2020-11-03T16:27:29+00:00","dateModified":"2024-02-14T13:45:51+00:00","breadcrumb":{"@id":"https:\/\/www.turizaminfo.hr\/old\/turizam-info-email-newsletter\/#breadcrumb"},"inLanguage":"en-US","potentialAction":[{"@type":"ReadAction","target":["https:\/\/www.turizaminfo.hr\/old\/turizam-info-email-newsletter\/"]}]},{"@type":"ImageObject","inLanguage":"en-US","@id":"https:\/\/www.turizaminfo.hr\/old\/turizam-info-email-newsletter\/#primaryimage","url":"https:\/\/www.turizaminfo.hr\/old\/wp-content\/uploads\/2024\/02\/TI-NASLOVNICA-EMAIL-NEWSLETTER.png","contentUrl":"https:\/\/www.turizaminfo.hr\/old\/wp-content\/uploads\/2024\/02\/TI-NASLOVNICA-EMAIL-NEWSLETTER.png","width":2931,"height":1370},{"@type":"BreadcrumbList","@id":"https:\/\/www.turizaminfo.hr\/old\/turizam-info-email-newsletter\/#breadcrumb","itemListElement":[{"@type":"ListItem","position":1,"name":"Home","item":"https:\/\/www.turizaminfo.hr\/old\/"},{"@type":"ListItem","position":2,"name":"Prijavi se na newsletter i primaj najnovije vijesti iz turizma!"}]},{"@type":"WebSite","@id":"https:\/\/www.turizaminfo.hr\/old\/#website","url":"https:\/\/www.turizaminfo.hr\/old\/","name":"Turizam info","description":"Turizam info","publisher":{"@id":"https:\/\/www.turizaminfo.hr\/old\/#organization"},"potentialAction":[{"@type":"SearchAction","target":{"@type":"EntryPoint","urlTemplate":"https:\/\/www.turizaminfo.hr\/old\/?s={search_term_string}"},"query-input":{"@type":"PropertyValueSpecification","valueRequired":true,"valueName":"search_term_string"}}],"inLanguage":"en-US"},{"@type":"Organization","@id":"https:\/\/www.turizaminfo.hr\/old\/#organization","name":"Turizam Info \u010dasopis","url":"https:\/\/www.turizaminfo.hr\/old\/","logo":{"@type":"ImageObject","inLanguage":"en-US","@id":"https:\/\/www.turizaminfo.hr\/old\/#\/schema\/logo\/image\/","url":"https:\/\/www.turizaminfo.hr\/turizaminfo2020\/turizaminfo2020\/wp-content\/uploads\/2021\/04\/Turizam-Info-logo-2020.jpg","contentUrl":"https:\/\/www.turizaminfo.hr\/turizaminfo2020\/turizaminfo2020\/wp-content\/uploads\/2021\/04\/Turizam-Info-logo-2020.jpg","width":1880,"height":1880,"caption":"Turizam Info \u010dasopis"},"image":{"@id":"https:\/\/www.turizaminfo.hr\/old\/#\/schema\/logo\/image\/"},"sameAs":["https:\/\/www.facebook.com\/Turizam-Info-\u010dasopis-283509332122","https:\/\/www.instagram.com\/turizaminfo_casopis\/","https:\/\/www.linkedin.com\/company\/turizam-info"]}]}},"_links":{"self":[{"href":"https:\/\/www.turizaminfo.hr\/old\/wp-json\/wp\/v2\/pages\/4058","targetHints":{"allow":["GET"]}}],"collection":[{"href":"https:\/\/www.turizaminfo.hr\/old\/wp-json\/wp\/v2\/pages"}],"about":[{"href":"https:\/\/www.turizaminfo.hr\/old\/wp-json\/wp\/v2\/types\/page"}],"author":[{"embeddable":true,"href":"https:\/\/www.turizaminfo.hr\/old\/wp-json\/wp\/v2\/users\/1"}],"replies":[{"embeddable":true,"href":"https:\/\/www.turizaminfo.hr\/old\/wp-json\/wp\/v2\/comments?post=4058"}],"version-history":[{"count":14,"href":"https:\/\/www.turizaminfo.hr\/old\/wp-json\/wp\/v2\/pages\/4058\/revisions"}],"predecessor-version":[{"id":12089,"href":"https:\/\/www.turizaminfo.hr\/old\/wp-json\/wp\/v2\/pages\/4058\/revisions\/12089"}],"wp:featuredmedia":[{"embeddable":true,"href":"https:\/\/www.turizaminfo.hr\/old\/wp-json\/wp\/v2\/media\/12086"}],"wp:attachment":[{"href":"https:\/\/www.turizaminfo.hr\/old\/wp-json\/wp\/v2\/media?parent=4058"}],"curies":[{"name":"wp","href":"https:\/\/api.w.org\/{rel}","templated":true}]}}