{"id":4661,"date":"2021-01-27T09:53:57","date_gmt":"2021-01-27T09:53:57","guid":{"rendered":"https:\/\/www.turizaminfo.hr\/?page_id=4661"},"modified":"2025-02-19T08:31:47","modified_gmt":"2025-02-19T08:31:47","slug":"broj-u-pripremi","status":"publish","type":"page","link":"https:\/\/www.turizaminfo.hr\/old\/broj-u-pripremi\/","title":{"rendered":"Broj u pripremi (prolje\u0107e 2025)"},"content":{"rendered":"\n<div style=\"height:10px\" aria-hidden=\"true\" class=\"wp-block-spacer\"><\/div>\n\n\n\n<h2 class=\"wp-block-heading has-large-font-size\"><strong><mark style=\"background-color:rgba(0, 0, 0, 0);color:#000000\" class=\"has-inline-color\">Rokovi i datum izlaska \u010dasopisa<\/mark><\/strong> (broj 101)<\/h2>\n\n\n\n<p><mark style=\"background-color:rgba(0, 0, 0, 0);color:#393939\" class=\"has-inline-color\"><strong>Proljetni broj u prodaji:<\/strong> o\u017eujak 2025.<\/mark><br><mark style=\"background-color:rgba(0, 0, 0, 0);color:#393939\" class=\"has-inline-color\"><strong>Rezervacija oglasnog prostora: <\/strong>do 27. velja\u010de 2025.<\/mark><\/p>\n\n\n\n<div style=\"height:10px\" aria-hidden=\"true\" class=\"wp-block-spacer\"><\/div>\n\n\n\n<h2 class=\"wp-block-heading has-large-font-size\"><strong><mark style=\"background-color:rgba(0, 0, 0, 0);color:#000000\" class=\"has-inline-color\">Ovaj broj u rubrici izlog<\/mark><\/strong><\/h2>\n\n\n\n<p>Izlog je redovna rubrika \u010dasopisa Turizam Info koja donosi pregled opreme iz odre\u0111enog segmenta, s proizvodima razli\u010ditih dobavlja\u010da. Uz fotografije, opise i cijene, \u010ditateljima pru\u017eamo uvid u dostupne opcije na tr\u017ei\u0161tu s posebnim fokusom na ponudu ogla\u0161iva\u010da.<\/p>\n\n\n\n<p>\u2714\ufe0f \u00a0Pomo\u0107ni le\u017eajevi i fotelje na razvla\u010denje<br>\u2714\ufe0f \u00a0Novi modeli \u010da\u0161a za vodu<\/p>\n\n\n\n<div style=\"height:10px\" aria-hidden=\"true\" class=\"wp-block-spacer\"><\/div>\n\n\n\n<h2 class=\"wp-block-heading has-large-font-size\"><strong><mark style=\"background-color:rgba(0, 0, 0, 0);color:#000000\" class=\"has-inline-color\">Teme broja<\/mark><\/strong><\/h2>\n\n\n\n<p>\u2714\ufe0f \u00a0Aktualne investicije u turizmu &#8211; projekti u realizaciji<br>\u2714\ufe0f \u00a0Uskrsna gastronomija kao turisti\u010dki proizvod<br>\u2714\ufe0f \u00a0Gig travel &#8211; za\u0161to koncerti postaju najprofitabilnija turisti\u010dka ni\u0161a<br>\u2714\ufe0f\u00a0 ITB Berlin &#8211; trendovi u turizmu koji dolaze u 2025.<br>\u2714\ufe0f\u00a0 Hotel Isolano Cres &#8211; novi koncept hotelske ponude na otoku Cresu<br>\u2714\ufe0f\u00a0 Eco friendly restorani s vlastitim uzgojem povr\u0107a<\/p>\n\n\n\n<div style=\"height:10px\" aria-hidden=\"true\" class=\"wp-block-spacer\"><\/div>\n\n\n\n<hr class=\"wp-block-separator has-text-color has-alpha-channel-opacity has-background is-style-wide\" style=\"background-color:#e7e7e7;color:#e7e7e7\"\/>\n\n\n\n<div style=\"height:30px\" aria-hidden=\"true\" class=\"wp-block-spacer\"><\/div>\n\n\n\n<h2 class=\"wp-block-heading has-large-font-size\"><strong><mark style=\"background-color:rgba(0, 0, 0, 0);color:#000000\" class=\"has-inline-color\">Sadr\u017eaji paketa ogla\u0161avanja<\/mark><\/strong><\/h2>\n\n\n\n<div style=\"height:17px\" aria-hidden=\"true\" class=\"wp-block-spacer\"><\/div>\n\n\n\n<div class=\"wp-block-media-text alignwide is-stacked-on-mobile\" style=\"grid-template-columns:30% auto\"><figure class=\"wp-block-media-text__media\"><img loading=\"lazy\" decoding=\"async\" width=\"568\" height=\"364\" src=\"https:\/\/www.turizaminfo.hr\/wp-content\/uploads\/2021\/01\/Screen-Shot-2021-01-22-at-10.47.53.png\" alt=\"\" class=\"wp-image-4750 size-full\" srcset=\"https:\/\/www.turizaminfo.hr\/old\/wp-content\/uploads\/2021\/01\/Screen-Shot-2021-01-22-at-10.47.53.png 568w, https:\/\/www.turizaminfo.hr\/old\/wp-content\/uploads\/2021\/01\/Screen-Shot-2021-01-22-at-10.47.53-300x192.png 300w, https:\/\/www.turizaminfo.hr\/old\/wp-content\/uploads\/2021\/01\/Screen-Shot-2021-01-22-at-10.47.53-370x237.png 370w, https:\/\/www.turizaminfo.hr\/old\/wp-content\/uploads\/2021\/01\/Screen-Shot-2021-01-22-at-10.47.53-270x173.png 270w, https:\/\/www.turizaminfo.hr\/old\/wp-content\/uploads\/2021\/01\/Screen-Shot-2021-01-22-at-10.47.53-470x300.png 470w\" sizes=\"auto, (max-width: 568px) 100vw, 568px\" \/><\/figure><div class=\"wp-block-media-text__content\">\n<p class=\"has-normal-font-size\"><mark style=\"background-color:rgba(0, 0, 0, 0);color:#000000\" class=\"has-inline-color\"><strong>1\/1 stranica<\/strong> (21,5 x 29 cm)<br><\/mark>\u2022&nbsp;Oglas 1\/1 u tiskanom izdanju<br>\u2022&nbsp;Editorial \u010dlanak na turizaminfo.hr<br>\u2022&nbsp;Newsletter objava<\/p>\n<\/div><\/div>\n\n\n\n<div class=\"wp-block-media-text alignwide is-stacked-on-mobile\" style=\"grid-template-columns:30% auto\"><figure class=\"wp-block-media-text__media\"><img loading=\"lazy\" decoding=\"async\" width=\"268\" height=\"192\" src=\"https:\/\/www.turizaminfo.hr\/wp-content\/uploads\/2021\/01\/Screen-Shot-2021-01-22-at-10.49.52.png\" alt=\"\" class=\"wp-image-4752 size-full\"\/><\/figure><div class=\"wp-block-media-text__content\">\n<p class=\"has-normal-font-size\"><mark style=\"background-color:rgba(0, 0, 0, 0);color:#000000\" class=\"has-inline-color\"><strong>1\/2 stranica<\/strong> (19 x 13 cm)<br><\/mark>\u2022&nbsp;Oglas 1\/2 u tiskanom izdanju<br>\u2022&nbsp;Editorial \u010dlanak na turizaminfo.hr<br>\u2022&nbsp;Newsletter objava<\/p>\n<\/div><\/div>\n\n\n\n<div class=\"wp-block-media-text alignwide is-stacked-on-mobile\" style=\"grid-template-columns:30% auto\"><figure class=\"wp-block-media-text__media\"><img loading=\"lazy\" decoding=\"async\" width=\"262\" height=\"198\" src=\"https:\/\/www.turizaminfo.hr\/wp-content\/uploads\/2021\/01\/Screen-Shot-2021-01-22-at-14.41.24-2.png\" alt=\"\" class=\"wp-image-4764 size-full\" srcset=\"https:\/\/www.turizaminfo.hr\/old\/wp-content\/uploads\/2021\/01\/Screen-Shot-2021-01-22-at-14.41.24-2.png 262w, https:\/\/www.turizaminfo.hr\/old\/wp-content\/uploads\/2021\/01\/Screen-Shot-2021-01-22-at-14.41.24-2-80x60.png 80w\" sizes=\"auto, (max-width: 262px) 100vw, 262px\" \/><\/figure><div class=\"wp-block-media-text__content\">\n<p class=\"has-normal-font-size\"><mark style=\"background-color:rgba(0, 0, 0, 0);color:#000000\" class=\"has-inline-color\"><strong>1\/3 stranica<\/strong> (6 x 25,7 cm)<br><\/mark>\u2022&nbsp;Oglas 1\/3 u tiskanom izdanju<br>\u2022&nbsp;Editorial \u010dlanak na turizaminfo.hr<br>\u2022&nbsp;Newsletter objava<\/p>\n<\/div><\/div>\n\n\n\n<div id=\"section-gcb9837\" class=\"wp-block-gutentor-e2 section-gcb9837 gutentor-element gutentor-element-button button-align-center-desktop button-align-center-tablet button-align-center-mobile\"><span class=\"gutentor-button-wrap\"><a class=\"gutentor-button gutentor-block-button gutentor-icon-hide\" href=\"https:\/\/www.turizaminfo.hr\/wp-content\/uploads\/2025\/02\/Media-Kit-Turizam-Info-2025-1.pdf\"><i class=\"gutentor-button-icon fas fa-book\"><\/i><span><strong>Preuzmi Media kit<\/strong><\/span><\/a><\/span><\/div>\n\n\n\n<p><\/p>\n\n\n\n<p class=\"has-text-align-center\"><span style=\"color:#8e8e8e\" class=\"has-inline-color\">U Media kit-u saznajte vi\u0161e o \u010dasopisu, \u010ditateljima, pogledajte kalendar objava i cijene ogla\u0161avanja.<\/span><\/p>\n\n\n\n<div style=\"height:12px\" aria-hidden=\"true\" class=\"wp-block-spacer\"><\/div>\n\n\n\n<hr class=\"wp-block-separator has-text-color has-alpha-channel-opacity has-background is-style-wide\" style=\"background-color:#e7e7e7;color:#e7e7e7\"\/>\n\n\n\n<div style=\"height:25px\" aria-hidden=\"true\" class=\"wp-block-spacer\"><\/div>\n\n\n\n<p><strong>Za sva pitanja stojimo Vam na raspolaganju na sljede\u0107im kontaktima:<br><\/strong><br><strong><strong>Adriano Po\u017eari\u0107<\/strong>&nbsp;<\/strong><a href=\"mailto:adriano.pozaric@turizaminfo.hr\">adriano.pozaric@turizaminfo.hr<\/a>  \/\/  091 200 9001<strong><br><strong>Ured marketinga<\/strong><\/strong>&nbsp;<a href=\"mailto:marketing@turizaminfo.hr\">marketing@turizaminfo.hr<\/a>  \/\/&nbsp; 091 271 1900<\/p>\n","protected":false},"excerpt":{"rendered":"<p>Rokovi i datum izlaska \u010dasopisa (broj 101) Proljetni broj u prodaji: o\u017eujak 2025.Rezervacija oglasnog prostora: do 27. velja\u010de 2025. Ovaj broj u rubrici izlog Izlog je redovna rubrika \u010dasopisa Turizam Info koja donosi pregled opreme iz odre\u0111enog segmenta, s proizvodima razli\u010ditih dobavlja\u010da. Uz fotografije, opise i cijene, \u010ditateljima pru\u017eamo uvid u dostupne opcije na tr\u017ei\u0161tu [&hellip;]<\/p>\n","protected":false},"author":1,"featured_media":14656,"parent":0,"menu_order":0,"comment_status":"closed","ping_status":"closed","template":"","meta":{"_mo_disable_npp":"","footnotes":""},"class_list":["post-4661","page","type-page","status-publish","has-post-thumbnail","hentry"],"yoast_head":"<!-- This site is optimized with the Yoast SEO plugin v24.3 - https:\/\/yoast.com\/wordpress\/plugins\/seo\/ -->\n<title>Broj u pripremi (prolje\u0107e 2025) - Turizam info<\/title>\n<meta name=\"robots\" content=\"index, follow, max-snippet:-1, max-image-preview:large, max-video-preview:-1\" \/>\n<link rel=\"canonical\" href=\"https:\/\/www.turizaminfo.hr\/old\/broj-u-pripremi\/\" \/>\n<meta property=\"og:locale\" content=\"en_US\" \/>\n<meta property=\"og:type\" content=\"article\" \/>\n<meta property=\"og:title\" content=\"Broj u pripremi (prolje\u0107e 2025) - Turizam info\" \/>\n<meta property=\"og:description\" content=\"Rokovi i datum izlaska \u010dasopisa (broj 101) Proljetni broj u prodaji: o\u017eujak 2025.Rezervacija oglasnog prostora: do 27. velja\u010de 2025. Ovaj broj u rubrici izlog Izlog je redovna rubrika \u010dasopisa Turizam Info koja donosi pregled opreme iz odre\u0111enog segmenta, s proizvodima razli\u010ditih dobavlja\u010da. Uz fotografije, opise i cijene, \u010ditateljima pru\u017eamo uvid u dostupne opcije na tr\u017ei\u0161tu [&hellip;]\" \/>\n<meta property=\"og:url\" content=\"https:\/\/www.turizaminfo.hr\/old\/broj-u-pripremi\/\" \/>\n<meta property=\"og:site_name\" content=\"Turizam info\" \/>\n<meta property=\"article:publisher\" content=\"https:\/\/www.facebook.com\/Turizam-Info-%c4%8dasopis-283509332122\" \/>\n<meta property=\"article:modified_time\" content=\"2025-02-19T08:31:47+00:00\" \/>\n<meta property=\"og:image\" content=\"https:\/\/www.turizaminfo.hr\/old\/wp-content\/uploads\/2025\/01\/Oglasavanje-za-web_cover_TI-100.jpg\" \/>\n\t<meta property=\"og:image:width\" content=\"1500\" \/>\n\t<meta property=\"og:image:height\" content=\"500\" \/>\n\t<meta property=\"og:image:type\" content=\"image\/jpeg\" \/>\n<meta name=\"twitter:card\" content=\"summary_large_image\" \/>\n<meta name=\"twitter:label1\" content=\"Est. reading time\" \/>\n\t<meta name=\"twitter:data1\" content=\"2 minutes\" \/>\n<script type=\"application\/ld+json\" class=\"yoast-schema-graph\">{\"@context\":\"https:\/\/schema.org\",\"@graph\":[{\"@type\":\"WebPage\",\"@id\":\"https:\/\/www.turizaminfo.hr\/old\/broj-u-pripremi\/\",\"url\":\"https:\/\/www.turizaminfo.hr\/old\/broj-u-pripremi\/\",\"name\":\"Broj u pripremi (prolje\u0107e 2025) - Turizam info\",\"isPartOf\":{\"@id\":\"https:\/\/www.turizaminfo.hr\/old\/#website\"},\"primaryImageOfPage\":{\"@id\":\"https:\/\/www.turizaminfo.hr\/old\/broj-u-pripremi\/#primaryimage\"},\"image\":{\"@id\":\"https:\/\/www.turizaminfo.hr\/old\/broj-u-pripremi\/#primaryimage\"},\"thumbnailUrl\":\"https:\/\/www.turizaminfo.hr\/old\/wp-content\/uploads\/2025\/01\/Oglasavanje-za-web_cover_TI-100.jpg\",\"datePublished\":\"2021-01-27T09:53:57+00:00\",\"dateModified\":\"2025-02-19T08:31:47+00:00\",\"breadcrumb\":{\"@id\":\"https:\/\/www.turizaminfo.hr\/old\/broj-u-pripremi\/#breadcrumb\"},\"inLanguage\":\"en-US\",\"potentialAction\":[{\"@type\":\"ReadAction\",\"target\":[\"https:\/\/www.turizaminfo.hr\/old\/broj-u-pripremi\/\"]}]},{\"@type\":\"ImageObject\",\"inLanguage\":\"en-US\",\"@id\":\"https:\/\/www.turizaminfo.hr\/old\/broj-u-pripremi\/#primaryimage\",\"url\":\"https:\/\/www.turizaminfo.hr\/old\/wp-content\/uploads\/2025\/01\/Oglasavanje-za-web_cover_TI-100.jpg\",\"contentUrl\":\"https:\/\/www.turizaminfo.hr\/old\/wp-content\/uploads\/2025\/01\/Oglasavanje-za-web_cover_TI-100.jpg\",\"width\":1500,\"height\":500},{\"@type\":\"BreadcrumbList\",\"@id\":\"https:\/\/www.turizaminfo.hr\/old\/broj-u-pripremi\/#breadcrumb\",\"itemListElement\":[{\"@type\":\"ListItem\",\"position\":1,\"name\":\"Home\",\"item\":\"https:\/\/www.turizaminfo.hr\/old\/\"},{\"@type\":\"ListItem\",\"position\":2,\"name\":\"Broj u pripremi (prolje\u0107e 2025)\"}]},{\"@type\":\"WebSite\",\"@id\":\"https:\/\/www.turizaminfo.hr\/old\/#website\",\"url\":\"https:\/\/www.turizaminfo.hr\/old\/\",\"name\":\"Turizam info\",\"description\":\"Turizam info\",\"publisher\":{\"@id\":\"https:\/\/www.turizaminfo.hr\/old\/#organization\"},\"potentialAction\":[{\"@type\":\"SearchAction\",\"target\":{\"@type\":\"EntryPoint\",\"urlTemplate\":\"https:\/\/www.turizaminfo.hr\/old\/?s={search_term_string}\"},\"query-input\":{\"@type\":\"PropertyValueSpecification\",\"valueRequired\":true,\"valueName\":\"search_term_string\"}}],\"inLanguage\":\"en-US\"},{\"@type\":\"Organization\",\"@id\":\"https:\/\/www.turizaminfo.hr\/old\/#organization\",\"name\":\"Turizam Info \u010dasopis\",\"url\":\"https:\/\/www.turizaminfo.hr\/old\/\",\"logo\":{\"@type\":\"ImageObject\",\"inLanguage\":\"en-US\",\"@id\":\"https:\/\/www.turizaminfo.hr\/old\/#\/schema\/logo\/image\/\",\"url\":\"https:\/\/www.turizaminfo.hr\/turizaminfo2020\/turizaminfo2020\/wp-content\/uploads\/2021\/04\/Turizam-Info-logo-2020.jpg\",\"contentUrl\":\"https:\/\/www.turizaminfo.hr\/turizaminfo2020\/turizaminfo2020\/wp-content\/uploads\/2021\/04\/Turizam-Info-logo-2020.jpg\",\"width\":1880,\"height\":1880,\"caption\":\"Turizam Info \u010dasopis\"},\"image\":{\"@id\":\"https:\/\/www.turizaminfo.hr\/old\/#\/schema\/logo\/image\/\"},\"sameAs\":[\"https:\/\/www.facebook.com\/Turizam-Info-\u010dasopis-283509332122\",\"https:\/\/www.instagram.com\/turizaminfo_casopis\/\",\"https:\/\/www.linkedin.com\/company\/turizam-info\"]}]}<\/script>\n<!-- \/ Yoast SEO plugin. -->","yoast_head_json":{"title":"Broj u pripremi (prolje\u0107e 2025) - Turizam info","robots":{"index":"index","follow":"follow","max-snippet":"max-snippet:-1","max-image-preview":"max-image-preview:large","max-video-preview":"max-video-preview:-1"},"canonical":"https:\/\/www.turizaminfo.hr\/old\/broj-u-pripremi\/","og_locale":"en_US","og_type":"article","og_title":"Broj u pripremi (prolje\u0107e 2025) - Turizam info","og_description":"Rokovi i datum izlaska \u010dasopisa (broj 101) Proljetni broj u prodaji: o\u017eujak 2025.Rezervacija oglasnog prostora: do 27. velja\u010de 2025. Ovaj broj u rubrici izlog Izlog je redovna rubrika \u010dasopisa Turizam Info koja donosi pregled opreme iz odre\u0111enog segmenta, s proizvodima razli\u010ditih dobavlja\u010da. Uz fotografije, opise i cijene, \u010ditateljima pru\u017eamo uvid u dostupne opcije na tr\u017ei\u0161tu [&hellip;]","og_url":"https:\/\/www.turizaminfo.hr\/old\/broj-u-pripremi\/","og_site_name":"Turizam info","article_publisher":"https:\/\/www.facebook.com\/Turizam-Info-%c4%8dasopis-283509332122","article_modified_time":"2025-02-19T08:31:47+00:00","og_image":[{"width":1500,"height":500,"url":"https:\/\/www.turizaminfo.hr\/old\/wp-content\/uploads\/2025\/01\/Oglasavanje-za-web_cover_TI-100.jpg","type":"image\/jpeg"}],"twitter_card":"summary_large_image","twitter_misc":{"Est. reading time":"2 minutes"},"schema":{"@context":"https:\/\/schema.org","@graph":[{"@type":"WebPage","@id":"https:\/\/www.turizaminfo.hr\/old\/broj-u-pripremi\/","url":"https:\/\/www.turizaminfo.hr\/old\/broj-u-pripremi\/","name":"Broj u pripremi (prolje\u0107e 2025) - Turizam info","isPartOf":{"@id":"https:\/\/www.turizaminfo.hr\/old\/#website"},"primaryImageOfPage":{"@id":"https:\/\/www.turizaminfo.hr\/old\/broj-u-pripremi\/#primaryimage"},"image":{"@id":"https:\/\/www.turizaminfo.hr\/old\/broj-u-pripremi\/#primaryimage"},"thumbnailUrl":"https:\/\/www.turizaminfo.hr\/old\/wp-content\/uploads\/2025\/01\/Oglasavanje-za-web_cover_TI-100.jpg","datePublished":"2021-01-27T09:53:57+00:00","dateModified":"2025-02-19T08:31:47+00:00","breadcrumb":{"@id":"https:\/\/www.turizaminfo.hr\/old\/broj-u-pripremi\/#breadcrumb"},"inLanguage":"en-US","potentialAction":[{"@type":"ReadAction","target":["https:\/\/www.turizaminfo.hr\/old\/broj-u-pripremi\/"]}]},{"@type":"ImageObject","inLanguage":"en-US","@id":"https:\/\/www.turizaminfo.hr\/old\/broj-u-pripremi\/#primaryimage","url":"https:\/\/www.turizaminfo.hr\/old\/wp-content\/uploads\/2025\/01\/Oglasavanje-za-web_cover_TI-100.jpg","contentUrl":"https:\/\/www.turizaminfo.hr\/old\/wp-content\/uploads\/2025\/01\/Oglasavanje-za-web_cover_TI-100.jpg","width":1500,"height":500},{"@type":"BreadcrumbList","@id":"https:\/\/www.turizaminfo.hr\/old\/broj-u-pripremi\/#breadcrumb","itemListElement":[{"@type":"ListItem","position":1,"name":"Home","item":"https:\/\/www.turizaminfo.hr\/old\/"},{"@type":"ListItem","position":2,"name":"Broj u pripremi (prolje\u0107e 2025)"}]},{"@type":"WebSite","@id":"https:\/\/www.turizaminfo.hr\/old\/#website","url":"https:\/\/www.turizaminfo.hr\/old\/","name":"Turizam info","description":"Turizam info","publisher":{"@id":"https:\/\/www.turizaminfo.hr\/old\/#organization"},"potentialAction":[{"@type":"SearchAction","target":{"@type":"EntryPoint","urlTemplate":"https:\/\/www.turizaminfo.hr\/old\/?s={search_term_string}"},"query-input":{"@type":"PropertyValueSpecification","valueRequired":true,"valueName":"search_term_string"}}],"inLanguage":"en-US"},{"@type":"Organization","@id":"https:\/\/www.turizaminfo.hr\/old\/#organization","name":"Turizam Info \u010dasopis","url":"https:\/\/www.turizaminfo.hr\/old\/","logo":{"@type":"ImageObject","inLanguage":"en-US","@id":"https:\/\/www.turizaminfo.hr\/old\/#\/schema\/logo\/image\/","url":"https:\/\/www.turizaminfo.hr\/turizaminfo2020\/turizaminfo2020\/wp-content\/uploads\/2021\/04\/Turizam-Info-logo-2020.jpg","contentUrl":"https:\/\/www.turizaminfo.hr\/turizaminfo2020\/turizaminfo2020\/wp-content\/uploads\/2021\/04\/Turizam-Info-logo-2020.jpg","width":1880,"height":1880,"caption":"Turizam Info \u010dasopis"},"image":{"@id":"https:\/\/www.turizaminfo.hr\/old\/#\/schema\/logo\/image\/"},"sameAs":["https:\/\/www.facebook.com\/Turizam-Info-\u010dasopis-283509332122","https:\/\/www.instagram.com\/turizaminfo_casopis\/","https:\/\/www.linkedin.com\/company\/turizam-info"]}]}},"_links":{"self":[{"href":"https:\/\/www.turizaminfo.hr\/old\/wp-json\/wp\/v2\/pages\/4661","targetHints":{"allow":["GET"]}}],"collection":[{"href":"https:\/\/www.turizaminfo.hr\/old\/wp-json\/wp\/v2\/pages"}],"about":[{"href":"https:\/\/www.turizaminfo.hr\/old\/wp-json\/wp\/v2\/types\/page"}],"author":[{"embeddable":true,"href":"https:\/\/www.turizaminfo.hr\/old\/wp-json\/wp\/v2\/users\/1"}],"replies":[{"embeddable":true,"href":"https:\/\/www.turizaminfo.hr\/old\/wp-json\/wp\/v2\/comments?post=4661"}],"version-history":[{"count":270,"href":"https:\/\/www.turizaminfo.hr\/old\/wp-json\/wp\/v2\/pages\/4661\/revisions"}],"predecessor-version":[{"id":15196,"href":"https:\/\/www.turizaminfo.hr\/old\/wp-json\/wp\/v2\/pages\/4661\/revisions\/15196"}],"wp:featuredmedia":[{"embeddable":true,"href":"https:\/\/www.turizaminfo.hr\/old\/wp-json\/wp\/v2\/media\/14656"}],"wp:attachment":[{"href":"https:\/\/www.turizaminfo.hr\/old\/wp-json\/wp\/v2\/media?parent=4661"}],"curies":[{"name":"wp","href":"https:\/\/api.w.org\/{rel}","templated":true}]}}